{"id":18,"date":"2023-08-25T13:24:41","date_gmt":"2023-08-25T10:24:41","guid":{"rendered":"https:\/\/aymer.net\/?post_type=product&#038;p=18"},"modified":"2026-03-14T17:28:42","modified_gmt":"2026-03-14T14:28:42","slug":"x-wing-starfighter","status":"publish","type":"product","link":"https:\/\/aymer.net\/index.php\/urun\/x-wing-starfighter\/","title":{"rendered":"X-wing starfighter"},"content":{"rendered":"<h3 class=\"LC20lb MBeuO DKV0Md\">Incom T65 X-wing, Y\u0131ld\u0131z Sava\u015flar\u0131 serisinde ge\u00e7en hayali bir uzay arac\u0131d\u0131r. \u0130lk olarak Yeni Bir Umut filminde g\u00f6r\u00fcnm\u00fc\u015flerdir. Luke Skywalker&#8217;\u0131n \u00d6l\u00fcm Y\u0131ld\u0131z\u0131&#8217;n\u0131 yok etmek i\u00e7in kulland\u0131\u011f\u0131 ara\u00e7t\u0131r. Asi G\u00fc\u00e7leri taraf\u0131ndan hava sava\u015flar\u0131nda kullan\u0131lan birincil ara\u00e7t\u0131r.<\/h3>\n","protected":false},"excerpt":{"rendered":"<p>Incom T65 X-wing, Y\u0131ld\u0131z Sava\u015flar\u0131 serisinde ge\u00e7en hayali bir uzay arac\u0131d\u0131r.<\/p>\n","protected":false},"featured_media":20,"comment_status":"open","ping_status":"closed","template":"","meta":[],"product_cat":[17],"product_tag":[],"_links":{"self":[{"href":"https:\/\/aymer.net\/index.php\/wp-json\/wp\/v2\/product\/18"}],"collection":[{"href":"https:\/\/aymer.net\/index.php\/wp-json\/wp\/v2\/product"}],"about":[{"href":"https:\/\/aymer.net\/index.php\/wp-json\/wp\/v2\/types\/product"}],"replies":[{"embeddable":true,"href":"https:\/\/aymer.net\/index.php\/wp-json\/wp\/v2\/comments?post=18"}],"wp:featuredmedia":[{"embeddable":true,"href":"https:\/\/aymer.net\/index.php\/wp-json\/wp\/v2\/media\/20"}],"wp:attachment":[{"href":"https:\/\/aymer.net\/index.php\/wp-json\/wp\/v2\/media?parent=18"}],"wp:term":[{"taxonomy":"product_cat","embeddable":true,"href":"https:\/\/aymer.net\/index.php\/wp-json\/wp\/v2\/product_cat?post=18"},{"taxonomy":"product_tag","embeddable":true,"href":"https:\/\/aymer.net\/index.php\/wp-json\/wp\/v2\/product_tag?post=18"}],"curies":[{"name":"wp","href":"https:\/\/api.w.org\/{rel}","templated":true}]}}